{"id":9,"date":"2018-02-26T09:54:51","date_gmt":"2018-02-26T09:54:51","guid":{"rendered":"http:\/\/bridge169.qodeinteractive.com\/?page_id=9"},"modified":"2024-04-12T01:25:17","modified_gmt":"2024-04-11T23:25:17","slug":"about","status":"publish","type":"page","link":"https:\/\/anagabrieladesign.com\/index.php\/about\/","title":{"rendered":"About"},"content":{"rendered":"<p>[vc_row css_animation=\u00bb\u00bb row_type=\u00bbrow\u00bb use_row_as_full_screen_section=\u00bbyes\u00bb type=\u00bbfull_width\u00bb angled_section=\u00bbno\u00bb text_align=\u00bbleft\u00bb background_image_as_pattern=\u00bbwithout_pattern\u00bb z_index=\u00bb\u00bb css=\u00bb.vc_custom_1519725065672{background-color: #ffffff !important;}\u00bb][vc_column offset=\u00bbvc_col-lg-6 vc_col-md-12&#8243;][qode_elements_holder number_of_columns=\u00bbone_column\u00bb][qode_elements_holder_item advanced_animations=\u00bbno\u00bb item_padding=\u00bb0 0 0 245px\u00bb item_padding_1280_1440=\u00bb0 90px 0 90px\u00bb item_padding_1024_1280=\u00bb0 50px 0 50px\u00bb item_padding_768_1024=\u00bb90px 90px 90px 90px\u00bb item_padding_480=\u00bb30px 30px 30px 30px\u00bb][vc_single_image image=\u00bb304&#8243; img_size=\u00bbfull\u00bb qode_css_animation=\u00bbelement_from_left\u00bb][\/qode_elements_holder_item][\/qode_elements_holder][\/vc_column][vc_column offset=\u00bbvc_col-lg-6 vc_col-md-12&#8243; el_class=\u00bbleft-margin\u00bb][qode_elements_holder number_of_columns=\u00bbone_column\u00bb][qode_elements_holder_item advanced_animations=\u00bbno\u00bb item_padding=\u00bb135px 320px 0 115px\u00bb item_padding_1280_1440=\u00bb60px 200px 0 0&#8243; item_padding_1024_1280=\u00bb30px 120px 0 0&#8243; item_padding_768_1024=\u00bb0px 140px 0 80px\u00bb item_padding_480=\u00bb0px 30px 0px 30px\u00bb][vc_column_text]<\/p>\n<h2>Ana Gabriela<\/h2>\n<p>[\/vc_column_text][vc_column_text]<\/p>\n<h3>Sobre mi<\/h3>\n<p>[\/vc_column_text][vc_empty_space height=\u00bb25px\u00bb][vc_column_text]<span class=\"OYPEnA text-decoration-none text-strikethrough-none\">Estudi\u00e9 Dise\u00f1o Gr\u00e1fico &#8211; Dise\u00f1o de Animaci\u00f3n<\/span> <span class=\"OYPEnA text-decoration-none text-strikethrough-none\">y Arte Digital, cuento con un diplomado en estrategia de marketing digital y tengo la certificaci\u00f3n de Community Manager, actualmente estoy actualizando mis conocimientos con una maestr\u00eda<\/span> <span class=\"OYPEnA text-decoration-none text-strikethrough-none\">en Animaci\u00f3n<\/span> <span class=\"OYPEnA text-decoration-none text-strikethrough-none\">Digital y transmedia. Durante cinco a\u00f1os he trabajado para marcas y me he enfocado en ayudar a crecer los negocios de emprendedores.<\/span>[\/vc_column_text][vc_empty_space height=\u00bb25px\u00bb][\/qode_elements_holder_item][\/qode_elements_holder][qode_elements_holder number_of_columns=\u00bbone_column\u00bb][qode_elements_holder_item advanced_animations=\u00bbno\u00bb item_padding=\u00bb0 390px 0 115px\u00bb item_padding_1280_1440=\u00bb0 270px 0 0&#8243; item_padding_1024_1280=\u00bb0 180px 0 0&#8243; item_padding_768_1024=\u00bb0 450px 0 80px\u00bb item_padding_600_768=\u00bb0 280px 0 80px\u00bb item_padding_480=\u00bb0px 30px 0px 30px\u00bb][vc_row_inner row_type=\u00bbrow\u00bb type=\u00bbfull_width\u00bb text_align=\u00bbleft\u00bb css_animation=\u00bb\u00bb][vc_column_inner width=\u00bb1\/3&#8243;]<div class=\"q_counter_holder  left\" style=\"\"><span class=\"counter  zero\" style=\"color: #1a1917;font-size: 45px;font-weight: Default;\">40<\/span><p class=\"counter_text\" style=\"font-size: 15px;font-weight: Default;text-transform: none;color: #4c4b48;\">Clientes<\/p><\/div>[vc_empty_space][\/vc_column_inner][vc_column_inner width=\u00bb1\/3&#8243;]<div class=\"q_counter_holder  left\" style=\"\"><span class=\"counter  zero\" style=\"color: #1a1917;font-size: 45px;font-weight: Default;\">98<\/span><p class=\"counter_text\" style=\"font-size: 15px;font-weight: Default;text-transform: none;color: #4c4b48;\">Proyectos<\/p><\/div>[vc_empty_space][\/vc_column_inner][vc_column_inner width=\u00bb1\/3&#8243;]<div class=\"q_counter_holder  left\" style=\"\"><span class=\"counter  zero\" style=\"color: #1a1917;font-size: 45px;font-weight: Default;\">7<\/span><p class=\"counter_text\" style=\"font-size: 15px;font-weight: Default;text-transform: none;color: #4c4b48;\">Certificaciones<\/p><\/div>[vc_empty_space][\/vc_column_inner][\/vc_row_inner][vc_empty_space height=\u00bb15px\u00bb]<a  itemprop=\"url\" href=\"\" target=\"_self\"  class=\"qbutton  default\" style=\"\">Escribeme<\/a>[vc_empty_space][\/qode_elements_holder_item][\/qode_elements_holder][\/vc_column][\/vc_row][vc_row css_animation=\u00bb\u00bb row_type=\u00bbrow\u00bb use_row_as_full_screen_section=\u00bbyes\u00bb type=\u00bbgrid\u00bb angled_section=\u00bbno\u00bb text_align=\u00bbleft\u00bb background_image_as_pattern=\u00bbwithout_pattern\u00bb css=\u00bb.vc_custom_1519731194671{background-color: #f7f7f7 !important;}\u00bb z_index=\u00bb\u00bb][vc_column][vc_empty_space height=\u00bb10px\u00bb][vc_column_text]<\/p>\n<h2>Servicios<\/h2>\n<p>[\/vc_column_text][vc_column_text]<\/p>\n<h3>Creatividad y dise\u00f1o no faltara<\/h3>\n<p>[\/vc_column_text][vc_row_inner row_type=\u00bbrow\u00bb type=\u00bbfull_width\u00bb text_align=\u00bbleft\u00bb css_animation=\u00bb\u00bb css=\u00bb.vc_custom_1519731185347{padding-top: 45px !important;}\u00bb][vc_column_inner offset=\u00bbvc_col-lg-4 vc_col-md-4&#8243;]<div class='q_icon_with_title tiny custom_icon_image '><div class=\"icon_holder \" style=\" \"><img decoding=\"async\" itemprop=\"image\" style=\"\" src=\"https:\/\/anagabrieladesign.com\/wp-content\/uploads\/2018\/02\/icon-1.png\" alt=\"\"><\/div><div class=\"icon_text_holder\" style=\"\"><div class=\"icon_text_inner\" style=\"\"><h4 class=\"icon_title\" style=\"color: #1a1917;\">Dise\u00f1o Grafico<\/h4><p style='color: #4c4b48'>Combinamos texto e im\u00e1genes con el fin de transmitir un mensaje visual.<\/p><\/div><\/div><\/div>[vc_empty_space]<div class='q_icon_with_title tiny custom_icon_image '><div class=\"icon_holder \" style=\" \"><img decoding=\"async\" itemprop=\"image\" style=\"\" src=\"https:\/\/anagabrieladesign.com\/wp-content\/uploads\/2018\/02\/icon-4.png\" alt=\"\"><\/div><div class=\"icon_text_holder\" style=\"\"><div class=\"icon_text_inner\" style=\"\"><h4 class=\"icon_title\" style=\"color: #1a1917;\">Marketing<\/h4><p style='color: #4c4b48'>Ayudo a identificar y atraer a clientes potenciales. Mediante investigaciones de mercado y an\u00e1lisis del p\u00fablico objetivo, podemos desarrollar campa\u00f1as y mensajes espec\u00edficos<\/p><\/div><\/div><\/div>[vc_empty_space][\/vc_column_inner][vc_column_inner offset=\u00bbvc_col-lg-4 vc_col-md-4&#8243;]<div class='q_icon_with_title tiny custom_icon_image '><div class=\"icon_holder \" style=\" \"><img decoding=\"async\" itemprop=\"image\" style=\"\" src=\"https:\/\/anagabrieladesign.com\/wp-content\/uploads\/2018\/02\/icon-2.png\" alt=\"\"><\/div><div class=\"icon_text_holder\" style=\"\"><div class=\"icon_text_inner\" style=\"\"><h4 class=\"icon_title\" style=\"color: #1a1917;\">Branding<\/h4><p style='color: #4c4b48'>Con un an\u00e1lisis previo de las necesidades reales de la marca y del cliente objetivo, dise\u00f1ar\u00e9 una estrategia de comunicaci\u00f3n para conversi\u00f3n de clientes.<\/p><\/div><\/div><\/div>[vc_empty_space]<div class='q_icon_with_title tiny custom_icon_image '><div class=\"icon_holder \" style=\" \"><img decoding=\"async\" itemprop=\"image\" style=\"\" src=\"https:\/\/anagabrieladesign.com\/wp-content\/uploads\/2018\/02\/icon-5.png\" alt=\"\"><\/div><div class=\"icon_text_holder\" style=\"\"><div class=\"icon_text_inner\" style=\"\"><h4 class=\"icon_title\" style=\"color: #1a1917;\">Dise\u00f1o de contenido<\/h4><p style='color: #4c4b48'>Como complemento a tu estrategia, puedo trabajar cada uno de los dise\u00f1os que conforman al contenido mensual, para asegurar una coherencia visual.<\/p><\/div><\/div><\/div>[vc_empty_space][\/vc_column_inner][vc_column_inner offset=\u00bbvc_col-lg-4 vc_col-md-4&#8243;]<div class='q_icon_with_title tiny custom_icon_image '><div class=\"icon_holder \" style=\" \"><img decoding=\"async\" itemprop=\"image\" style=\"\" src=\"https:\/\/anagabrieladesign.com\/wp-content\/uploads\/2018\/02\/icon-3.png\" alt=\"\"><\/div><div class=\"icon_text_holder\" style=\"\"><div class=\"icon_text_inner\" style=\"\"><h4 class=\"icon_title\" style=\"color: #1a1917;\">Fotografia y video<\/h4><p style='color: #4c4b48'>Si tu producto o servicio lo requiere, trabajaremos en un banco de imagen y v\u00eddeo personalizado para complementar.<\/p><\/div><\/div><\/div>[vc_empty_space]<div class='q_icon_with_title tiny custom_icon_image '><div class=\"icon_holder \" style=\" \"><img decoding=\"async\" itemprop=\"image\" style=\"\" src=\"https:\/\/anagabrieladesign.com\/wp-content\/uploads\/2018\/02\/icon-6.png\" alt=\"\"><\/div><div class=\"icon_text_holder\" style=\"\"><div class=\"icon_text_inner\" style=\"\"><h4 class=\"icon_title\" style=\"color: #1a1917;\">Programaci\u00f3n y seguimiento<\/h4><p style='color: #4c4b48'>Lo que har\u00e1 un servicio integral, mientras t\u00fa te ocupas de atender tu negocio, yo me aseguro de dar seguimiento a los resultados de tu estrategia.<\/p><\/div><\/div><\/div>[vc_empty_space][\/vc_column_inner][\/vc_row_inner][\/vc_column][\/vc_row][vc_row css_animation=\u00bb\u00bb row_type=\u00bbrow\u00bb use_row_as_full_screen_section=\u00bbyes\u00bb type=\u00bbgrid\u00bb angled_section=\u00bbno\u00bb text_align=\u00bbleft\u00bb background_image_as_pattern=\u00bbwithout_pattern\u00bb z_index=\u00bb\u00bb css=\u00bb.vc_custom_1519735513369{background-color: #ffffff !important;}\u00bb el_class=\u00bbfss-row\u00bb][vc_column][vc_empty_space height=\u00bb100px\u00bb][vc_column_text]<\/p>\n<h2 style=\"text-align: center;\">Testimonios<\/h2>\n<p>[\/vc_column_text][vc_column_text]<\/p>\n<h3 style=\"text-align: center;\">Lo que dicen de mi trabajo<\/h3>\n<p>[\/vc_column_text][vc_empty_space height=\u00bb1px\u00bb css=\u00bb.vc_custom_1519737509514{margin-top: -12px !important;}\u00bb]<div class='testimonials_c_holder clearfix '><div class=\"testimonials_c testimonials_c_carousel\" data-show-navigation=\"no\" data-animation-speed=\"\" data-auto-rotate-slides=\"3\" data-number-per-slide=\"3\"><ul class=\"slides\"><li id=\"testimonials-c-211\" class=\"testimonial_content\"><div class=\"testimonial_content_inner\"><div class=\"testimonial_image_holder\"><img decoding=\"async\" src=\"https:\/\/anagabrieladesign.com\/wp-content\/uploads\/2018\/02\/testim-1-150x150.png\" \/><\/div><div class=\"testimonial_text_holder\"><div class=\"testimonial_text_inner\" style=\"color: #4c4b48;\"><p style='color:#4c4b48;'>Nam sollicitudin eget sapien sit amet. Sed a nunc tempor, mattis felis ege faciliis tincidunt sem velrna.<\/p><p class=\"testimonial_author\" style=\"color: #4c4b48;color: #1a1917;font-size: 26px;\">Kathleen Robinson<\/p><\/div><\/div><\/div><\/li><li id=\"testimonials-c-214\" class=\"testimonial_content\"><div class=\"testimonial_content_inner\"><div class=\"testimonial_image_holder\"><img decoding=\"async\" src=\"https:\/\/anagabrieladesign.com\/wp-content\/uploads\/2018\/02\/testim-2-150x150.png\" \/><\/div><div class=\"testimonial_text_holder\"><div class=\"testimonial_text_inner\" style=\"color: #4c4b48;\"><p style='color:#4c4b48;'>Sed a nunc tempor, mattis felis ege facilisis tincidunt sem velrnare laoreet. Nam sollicitudin eget sapien.<\/p><p class=\"testimonial_author\" style=\"color: #4c4b48;color: #1a1917;font-size: 26px;\">Marco Lazuli<\/p><\/div><\/div><\/div><\/li><li id=\"testimonials-c-216\" class=\"testimonial_content\"><div class=\"testimonial_content_inner\"><div class=\"testimonial_image_holder\"><img decoding=\"async\" src=\"https:\/\/anagabrieladesign.com\/wp-content\/uploads\/2018\/02\/testim-3-150x150.png\" \/><\/div><div class=\"testimonial_text_holder\"><div class=\"testimonial_text_inner\" style=\"color: #4c4b48;\"><p style='color:#4c4b48;'>Sollicitudin eget nam sit amet. Sed a nunc tempor, mattis felis ege facilisis tincidunt sem velrnare ipsit.<\/p><p class=\"testimonial_author\" style=\"color: #4c4b48;color: #1a1917;font-size: 26px;\">Christine Roberts<\/p><\/div><\/div><\/div><\/li><\/ul><\/div><\/div>[\/vc_column][\/vc_row]<\/p>\n","protected":false},"excerpt":{"rendered":"<p>[vc_row css_animation=\u00bb\u00bb row_type=\u00bbrow\u00bb use_row_as_full_screen_section=\u00bbyes\u00bb type=\u00bbfull_width\u00bb angled_section=\u00bbno\u00bb text_align=\u00bbleft\u00bb background_image_as_pattern=\u00bbwithout_pattern\u00bb z_index=\u00bb\u00bb css=\u00bb.vc_custom_1519725065672{background-color: #ffffff !important;}\u00bb][vc_column offset=\u00bbvc_col-lg-6 vc_col-md-12&#8243;][qode_elements_holder number_of_columns=\u00bbone_column\u00bb][qode_elements_holder_item advanced_animations=\u00bbno\u00bb item_padding=\u00bb0 0 0 245px\u00bb item_padding_1280_1440=\u00bb0 90px 0 90px\u00bb item_padding_1024_1280=\u00bb0 50px 0 50px\u00bb item_padding_768_1024=\u00bb90px 90px 90px 90px\u00bb item_padding_480=\u00bb30px 30px 30px 30px\u00bb][vc_single_image image=\u00bb304&#8243; img_size=\u00bbfull\u00bb qode_css_animation=\u00bbelement_from_left\u00bb][\/qode_elements_holder_item][\/qode_elements_holder][\/vc_column][vc_column offset=\u00bbvc_col-lg-6 vc_col-md-12&#8243; el_class=\u00bbleft-margin\u00bb][qode_elements_holder number_of_columns=\u00bbone_column\u00bb][qode_elements_holder_item advanced_animations=\u00bbno\u00bb item_padding=\u00bb135px&#8230;<\/p>\n","protected":false},"author":1,"featured_media":0,"parent":0,"menu_order":0,"comment_status":"closed","ping_status":"closed","template":"full_screen.php","meta":{"footnotes":""},"class_list":["post-9","page","type-page","status-publish","hentry"],"_links":{"self":[{"href":"https:\/\/anagabrieladesign.com\/index.php\/wp-json\/wp\/v2\/pages\/9","targetHints":{"allow":["GET"]}}],"collection":[{"href":"https:\/\/anagabrieladesign.com\/index.php\/wp-json\/wp\/v2\/pages"}],"about":[{"href":"https:\/\/anagabrieladesign.com\/index.php\/wp-json\/wp\/v2\/types\/page"}],"author":[{"embeddable":true,"href":"https:\/\/anagabrieladesign.com\/index.php\/wp-json\/wp\/v2\/users\/1"}],"replies":[{"embeddable":true,"href":"https:\/\/anagabrieladesign.com\/index.php\/wp-json\/wp\/v2\/comments?post=9"}],"version-history":[{"count":11,"href":"https:\/\/anagabrieladesign.com\/index.php\/wp-json\/wp\/v2\/pages\/9\/revisions"}],"predecessor-version":[{"id":318,"href":"https:\/\/anagabrieladesign.com\/index.php\/wp-json\/wp\/v2\/pages\/9\/revisions\/318"}],"wp:attachment":[{"href":"https:\/\/anagabrieladesign.com\/index.php\/wp-json\/wp\/v2\/media?parent=9"}],"curies":[{"name":"wp","href":"https:\/\/api.w.org\/{rel}","templated":true}]}}